{"id":246,"date":"2017-12-28T13:38:05","date_gmt":"2017-12-28T12:38:05","guid":{"rendered":"http:\/\/dsc-preussen.de\/tennis\/?page_id=246"},"modified":"2024-04-24T10:58:40","modified_gmt":"2024-04-24T08:58:40","slug":"buergerplatz","status":"publish","type":"page","link":"https:\/\/dsc-preussen.de\/tennis\/buergerplatz\/","title":{"rendered":"B\u00fcrgerplatz"},"content":{"rendered":"<p>Dieser Aschen-Tennisplatz kann von Nichtmitgliedern in der Zeit von April bis September eines Jahres gebucht werden. Das Spielen auf diesem Platz ist nur nach vorheriger Buchung m\u00f6glich, Spielzeiten sind Stundenweise sowohl auch als Abo buchbar.<br \/>\nTennisschuhe sind f\u00fcr die Benutzung zwingend notwendig.<\/p>\n<p>Wir w\u00fcnschen unseren G\u00e4sten viel Spa\u00df auf unserer Anlage.<\/p>\n<p><a href=\"http:\/\/dsc-preussen.de\/tennis\/wp-content\/uploads\/sites\/3\/2017\/12\/B\u00fcrgerplatz_alt.jpg\"><img loading=\"lazy\" decoding=\"async\" class=\"alignnone size-full wp-image-247\" src=\"http:\/\/dsc-preussen.de\/tennis\/wp-content\/uploads\/sites\/3\/2017\/12\/B\u00fcrgerplatz_alt.jpg\" alt=\"\" width=\"390\" height=\"259\" srcset=\"https:\/\/dsc-preussen.de\/tennis\/wp-content\/uploads\/sites\/3\/2017\/12\/B\u00fcrgerplatz_alt.jpg 390w, https:\/\/dsc-preussen.de\/tennis\/wp-content\/uploads\/sites\/3\/2017\/12\/B\u00fcrgerplatz_alt-300x199.jpg 300w, https:\/\/dsc-preussen.de\/tennis\/wp-content\/uploads\/sites\/3\/2017\/12\/B\u00fcrgerplatz_alt-272x182.jpg 272w\" sizes=\"auto, (max-width: 390px) 100vw, 390px\" \/><\/a><\/p>\n<blockquote><p>Platzbuchung<\/p><\/blockquote>\n<p style=\"text-align: left\">Die Einzel-Stunde kostet 12,50 \u20ac.<br \/>\nBei Buchung einer Stunde als Abo f\u00fcr den Zeitraum April\/September kostet dies 150 \u20ac.<\/p>\n<div class=\"default-style\"><strong>Hinweis: <\/strong><\/div>\n<div class=\"default-style\"><strong>An Medenspieltagen (vorwiegend samstags \/ sonntags in den Monaten Mai und Juni) kann das ABO nicht genutzt werden.<\/strong><\/div>\n<div class=\"default-style\"><\/div>\n<div class=\"default-style\"><strong>Buchung und Organisation \u00fcber das Tennis-Clubhaus unter <span dir=\"ltr\">0203 &#8211; 33 33 58<\/span>.<\/strong><\/div>\n<div class=\"default-style\"><\/div>\n","protected":false},"excerpt":{"rendered":"<p>Dieser Aschen-Tennisplatz kann von Nichtmitgliedern in der Zeit von April bis September eines Jahres gebucht werden. Das Spielen auf diesem<\/p>\n","protected":false},"author":2,"featured_media":0,"parent":0,"menu_order":0,"comment_status":"closed","ping_status":"closed","template":"","meta":{"colormag_page_container_layout":"default_layout","colormag_page_sidebar_layout":"default_layout","footnotes":"","_links_to":"","_links_to_target":""},"class_list":["post-246","page","type-page","status-publish","hentry"],"_links":{"self":[{"href":"https:\/\/dsc-preussen.de\/tennis\/wp-json\/wp\/v2\/pages\/246","targetHints":{"allow":["GET"]}}],"collection":[{"href":"https:\/\/dsc-preussen.de\/tennis\/wp-json\/wp\/v2\/pages"}],"about":[{"href":"https:\/\/dsc-preussen.de\/tennis\/wp-json\/wp\/v2\/types\/page"}],"author":[{"embeddable":true,"href":"https:\/\/dsc-preussen.de\/tennis\/wp-json\/wp\/v2\/users\/2"}],"replies":[{"embeddable":true,"href":"https:\/\/dsc-preussen.de\/tennis\/wp-json\/wp\/v2\/comments?post=246"}],"version-history":[{"count":21,"href":"https:\/\/dsc-preussen.de\/tennis\/wp-json\/wp\/v2\/pages\/246\/revisions"}],"predecessor-version":[{"id":3970,"href":"https:\/\/dsc-preussen.de\/tennis\/wp-json\/wp\/v2\/pages\/246\/revisions\/3970"}],"wp:attachment":[{"href":"https:\/\/dsc-preussen.de\/tennis\/wp-json\/wp\/v2\/media?parent=246"}],"curies":[{"name":"wp","href":"https:\/\/api.w.org\/{rel}","templated":true}]}}