{"id":255,"date":"2016-06-22T23:56:26","date_gmt":"2016-06-22T21:56:26","guid":{"rendered":"http:\/\/dsc-preussen.de\/hockey\/?page_id=255"},"modified":"2021-08-11T14:00:03","modified_gmt":"2021-08-11T12:00:03","slug":"unsere-unterstuetzer","status":"publish","type":"page","link":"https:\/\/dsc-preussen.de\/hockey\/unsere-unterstuetzer\/","title":{"rendered":"Partner an unserer Seite"},"content":{"rendered":"<div id=\"pl-255\"  class=\"panel-layout\" ><div id=\"pg-255-0\"  class=\"panel-grid panel-no-style\" ><div id=\"pgc-255-0-0\"  class=\"panel-grid-cell\" ><div id=\"panel-255-0-0-0\" class=\"so-panel widget widget_sow-image-grid panel-first-child\" data-index=\"0\" ><div\n\t\t\t\n\t\t\tclass=\"so-widget-sow-image-grid so-widget-sow-image-grid-default-46e3cddde1e5-255\"\n\t\t\t\n\t\t>\t<div\n\t\tclass=\"sow-image-grid-wrapper\"\n\t\t\t\t\t>\n\t\t\t\t\t<div class=\"sow-image-grid-image\">\n\t\t\t\t\t\t\t\t\t\t\t\t\t<a href=\"http:\/\/www.innogy.com\/\"\n\t\t\t\t\t\t\t\t\t\t\t\t\t\t\t\t\t\ttarget=\"_blank\" \t\t\t\t\t\t\t\t\t\t\t\t\t\t\t\t\t\t\t\t\t\t\t\trel=\"noopener noreferrer\" \t\t\t\t\t\t\t\t\t\t\t>\n\t\t\t\t\t\t\t\t<img loading=\"lazy\" decoding=\"async\" width=\"250\" height=\"100\" src=\"https:\/\/dsc-preussen.de\/hockey\/wp-content\/uploads\/sites\/2\/2021\/08\/Unterstuetzer-Innogy-250.jpeg\" class=\"sow-image-grid-image_html\" alt=\"\" title=\"Innogy\" srcset=\"https:\/\/dsc-preussen.de\/hockey\/wp-content\/uploads\/sites\/2\/2021\/08\/Unterstuetzer-Innogy-250.jpeg 250w, https:\/\/dsc-preussen.de\/hockey\/wp-content\/uploads\/sites\/2\/2021\/08\/Unterstuetzer-Innogy-250-150x60.jpeg 150w\" sizes=\"auto, (max-width: 250px) 100vw, 250px\" \/>\t\t\t\t\t\t\t\t\t<\/a>\n\t\t\t\t\t\t\t\t\t\t\t<\/div>\n\t\t\t\t\t<div class=\"sow-image-grid-image\">\n\t\t\t\t\t\t\t\t\t\t\t\t\t<a href=\"https:\/\/www.magellan-net.de\"\n\t\t\t\t\t\t\t\t\t\t\t\t\t\t\t\t\t\ttarget=\"_blank\" \t\t\t\t\t\t\t\t\t\t\t\t\t\t\t\t\t\t\t\t\t\t\t\trel=\"noopener noreferrer\" \t\t\t\t\t\t\t\t\t\t\t>\n\t\t\t\t\t\t\t\t<img loading=\"lazy\" decoding=\"async\" width=\"250\" height=\"100\" src=\"https:\/\/dsc-preussen.de\/hockey\/wp-content\/uploads\/sites\/2\/2021\/08\/Unterstuetzer-Magellan-250.jpeg\" class=\"sow-image-grid-image_html\" alt=\"\" title=\"magellan netzwerke GmbH\" srcset=\"https:\/\/dsc-preussen.de\/hockey\/wp-content\/uploads\/sites\/2\/2021\/08\/Unterstuetzer-Magellan-250.jpeg 250w, https:\/\/dsc-preussen.de\/hockey\/wp-content\/uploads\/sites\/2\/2021\/08\/Unterstuetzer-Magellan-250-150x60.jpeg 150w\" sizes=\"auto, (max-width: 250px) 100vw, 250px\" \/>\t\t\t\t\t\t\t\t\t<\/a>\n\t\t\t\t\t\t\t\t\t\t\t<\/div>\n\t\t\t\t\t<div class=\"sow-image-grid-image\">\n\t\t\t\t\t\t\t\t\t\t\t\t\t<a href=\"http:\/\/www.haus-kaiserberg.de\/\"\n\t\t\t\t\t\t\t\t\t\t\t\t\t\t\t\t\t\ttarget=\"_blank\" \t\t\t\t\t\t\t\t\t\t\t\t\t\t\t\t\t\t\t\t\t\t\t\trel=\"noopener noreferrer\" \t\t\t\t\t\t\t\t\t\t\t>\n\t\t\t\t\t\t\t\t<img loading=\"lazy\" decoding=\"async\" width=\"250\" height=\"100\" src=\"https:\/\/dsc-preussen.de\/hockey\/wp-content\/uploads\/sites\/2\/2021\/08\/Unterstuetzer-Haus_Kaiserberg-250.jpeg\" class=\"sow-image-grid-image_html\" alt=\"\" title=\"Haus Kaiserberg\" srcset=\"https:\/\/dsc-preussen.de\/hockey\/wp-content\/uploads\/sites\/2\/2021\/08\/Unterstuetzer-Haus_Kaiserberg-250.jpeg 250w, https:\/\/dsc-preussen.de\/hockey\/wp-content\/uploads\/sites\/2\/2021\/08\/Unterstuetzer-Haus_Kaiserberg-250-150x60.jpeg 150w\" sizes=\"auto, (max-width: 250px) 100vw, 250px\" \/>\t\t\t\t\t\t\t\t\t<\/a>\n\t\t\t\t\t\t\t\t\t\t\t<\/div>\n\t\t\t\t\t<div class=\"sow-image-grid-image\">\n\t\t\t\t\t\t\t\t\t\t\t\t\t<a href=\"https:\/\/www.rausch-steuerberatung.de\/\"\n\t\t\t\t\t\t\t\t\t\t\t\t\t\t\t\t\t\ttarget=\"_blank\" \t\t\t\t\t\t\t\t\t\t\t\t\t\t\t\t\t\t\t\t\t\t\t\trel=\"noopener noreferrer\" \t\t\t\t\t\t\t\t\t\t\t>\n\t\t\t\t\t\t\t\t<img loading=\"lazy\" decoding=\"async\" width=\"250\" height=\"100\" src=\"https:\/\/dsc-preussen.de\/hockey\/wp-content\/uploads\/sites\/2\/2021\/08\/Unterstuetzer-Rausch_Steuerberatung-250.jpeg\" class=\"sow-image-grid-image_html\" alt=\"\" title=\"\" srcset=\"https:\/\/dsc-preussen.de\/hockey\/wp-content\/uploads\/sites\/2\/2021\/08\/Unterstuetzer-Rausch_Steuerberatung-250.jpeg 250w, https:\/\/dsc-preussen.de\/hockey\/wp-content\/uploads\/sites\/2\/2021\/08\/Unterstuetzer-Rausch_Steuerberatung-250-150x60.jpeg 150w\" sizes=\"auto, (max-width: 250px) 100vw, 250px\" \/>\t\t\t\t\t\t\t\t\t<\/a>\n\t\t\t\t\t\t\t\t\t\t\t<\/div>\n\t\t\t<\/div>\n<\/div><\/div><div id=\"panel-255-0-0-1\" class=\"so-panel widget widget_sow-editor panel-last-child\" data-index=\"1\" ><div\n\t\t\t\n\t\t\tclass=\"so-widget-sow-editor so-widget-sow-editor-base\"\n\t\t\t\n\t\t>\n<div class=\"siteorigin-widget-tinymce textwidget\">\n\t<p>Jeder Verein ben\u00f6tigt Unterst\u00fctzer.<\/p>\n<p>Steigende Kosten machen es vielen Vereinen zunehmend schwerer, die Beitragss\u00e4tze f\u00fcr die verschiedenen Mitgliedergruppen stabil zu halten. Ohne das Wohlwollen von Werbepartnern wird die wirtschaftliche F\u00fchrung eines Vereins immer schwieriger. Deshalb brauchen wir Werbepartner denen wir attraktive M\u00f6glichkeiten in Form von Sponsorenpaketen in unterschiedlichsten Gr\u00f6\u00dfenordnungen anbieten.<\/p>\n<p>M\u00f6chten Sie uns\u00a0unterst\u00fctzen?<\/p>\n<p>Dann melden Sie sich ganz einfach bei unserem Vorstand,\u00a0wir freuen uns auf Sie und Ihre Unterst\u00fctzung.<\/p>\n<\/div>\n<\/div><\/div><\/div><\/div><\/div>","protected":false},"excerpt":{"rendered":"<p>Jeder Verein ben\u00f6tigt Unterst\u00fctzer. Steigende Kosten machen es vielen Vereinen zunehmend schwerer, die Beitragss\u00e4tze f\u00fcr die verschiedenen Mitgliedergruppen stabil zu<\/p>\n","protected":false},"author":2,"featured_media":0,"parent":0,"menu_order":0,"comment_status":"closed","ping_status":"closed","template":"","meta":{"colormag_page_container_layout":"default_layout","colormag_page_sidebar_layout":"default_layout","_price":"","_stock":"","_tribe_ticket_header":"","_tribe_default_ticket_provider":"","_tribe_ticket_capacity":"0","_ticket_start_date":"","_ticket_end_date":"","_tribe_ticket_show_description":"","_tribe_ticket_show_not_going":false,"_tribe_ticket_use_global_stock":"","_tribe_ticket_global_stock_level":"","_global_stock_mode":"","_global_stock_cap":"","_tribe_rsvp_for_event":"","_tribe_ticket_going_count":"","_tribe_ticket_not_going_count":"","_tribe_tickets_list":"[]","_tribe_ticket_has_attendee_info_fields":false,"footnotes":"","_tec_slr_enabled":"","_tec_slr_layout":"","_links_to":"","_links_to_target":""},"class_list":["post-255","page","type-page","status-publish","hentry"],"ticketed":false,"_links":{"self":[{"href":"https:\/\/dsc-preussen.de\/hockey\/wp-json\/wp\/v2\/pages\/255","targetHints":{"allow":["GET"]}}],"collection":[{"href":"https:\/\/dsc-preussen.de\/hockey\/wp-json\/wp\/v2\/pages"}],"about":[{"href":"https:\/\/dsc-preussen.de\/hockey\/wp-json\/wp\/v2\/types\/page"}],"author":[{"embeddable":true,"href":"https:\/\/dsc-preussen.de\/hockey\/wp-json\/wp\/v2\/users\/2"}],"replies":[{"embeddable":true,"href":"https:\/\/dsc-preussen.de\/hockey\/wp-json\/wp\/v2\/comments?post=255"}],"version-history":[{"count":22,"href":"https:\/\/dsc-preussen.de\/hockey\/wp-json\/wp\/v2\/pages\/255\/revisions"}],"predecessor-version":[{"id":3210,"href":"https:\/\/dsc-preussen.de\/hockey\/wp-json\/wp\/v2\/pages\/255\/revisions\/3210"}],"wp:attachment":[{"href":"https:\/\/dsc-preussen.de\/hockey\/wp-json\/wp\/v2\/media?parent=255"}],"curies":[{"name":"wp","href":"https:\/\/api.w.org\/{rel}","templated":true}]}}