{"id":253,"date":"2016-06-22T23:56:15","date_gmt":"2016-06-22T21:56:15","guid":{"rendered":"http:\/\/dsc-preussen.de\/hockey\/?page_id=253"},"modified":"2020-09-03T21:06:51","modified_gmt":"2020-09-03T19:06:51","slug":"sponsor-werden","status":"publish","type":"page","link":"https:\/\/dsc-preussen.de\/hockey\/sponsor-werden\/","title":{"rendered":"Sponsor werden"},"content":{"rendered":"<p><b>Sponsor werden<\/b><\/p>\n<p>Der DSC Preu\u00dfen ist ein Duisserner Sportverein mit langer Tradition und modernem Lebensgef\u00fchl. Durch lokale Verbundenheit und F\u00f6rderung der Jugend pr\u00e4sentiert er sich sportlich-famili\u00e4r. \u00a0In seinen drei Abteilungen sind \u00fcber 850 Mitglieder sportlich aktiv.\u00a0Jung und Alt sowie die viele G\u00e4ste nutzen die Clubeigene Sportanlage und nehmen an den vielen, \u00fcbers Jahr verteilten Spielen, Turnieren und Events teil.<\/p>\n<p>Wir bieten verschiedene Modelle an, wie Sie den Verein unterst\u00fctzen k\u00f6nnen. Z. B. Bandenwerbung, Trikotsponsoring, Darstellung auf unserer Sponsorentafel oder Rasenpatenschaft. Gerne stellen wir auch individuelle Programme zusammen und entwickeln gemeinsam mit Ihnen ein Konzept, zum Beispiel f\u00fcr ein Eventsponsoring.<\/p>\n<blockquote><p>Sprechen Sie uns an. Wir beraten Sie gerne.<\/p><\/blockquote>\n<p>Ansprechpartner ist:<\/p>\n<p>&gt;&gt; <a href=\"mailto:sponsoring@preussen-hockey.de\" target=\"_blank\" rel=\"noopener noreferrer\">sponsoring@preussen-hockey.de<\/a><\/p>\n<p>&nbsp;<\/p>\n","protected":false},"excerpt":{"rendered":"<p>Sponsor werden Der DSC Preu\u00dfen ist ein Duisserner Sportverein mit langer Tradition und modernem Lebensgef\u00fchl. Durch lokale Verbundenheit und F\u00f6rderung<\/p>\n","protected":false},"author":2,"featured_media":0,"parent":0,"menu_order":0,"comment_status":"closed","ping_status":"closed","template":"","meta":{"colormag_page_container_layout":"default_layout","colormag_page_sidebar_layout":"default_layout","_price":"","_stock":"","_tribe_ticket_header":"","_tribe_default_ticket_provider":"","_tribe_ticket_capacity":"0","_ticket_start_date":"","_ticket_end_date":"","_tribe_ticket_show_description":"","_tribe_ticket_show_not_going":false,"_tribe_ticket_use_global_stock":"","_tribe_ticket_global_stock_level":"","_global_stock_mode":"","_global_stock_cap":"","_tribe_rsvp_for_event":"","_tribe_ticket_going_count":"","_tribe_ticket_not_going_count":"","_tribe_tickets_list":"[]","_tribe_ticket_has_attendee_info_fields":false,"footnotes":"","_tec_slr_enabled":"","_tec_slr_layout":"","_links_to":"","_links_to_target":""},"class_list":["post-253","page","type-page","status-publish","hentry"],"ticketed":false,"_links":{"self":[{"href":"https:\/\/dsc-preussen.de\/hockey\/wp-json\/wp\/v2\/pages\/253","targetHints":{"allow":["GET"]}}],"collection":[{"href":"https:\/\/dsc-preussen.de\/hockey\/wp-json\/wp\/v2\/pages"}],"about":[{"href":"https:\/\/dsc-preussen.de\/hockey\/wp-json\/wp\/v2\/types\/page"}],"author":[{"embeddable":true,"href":"https:\/\/dsc-preussen.de\/hockey\/wp-json\/wp\/v2\/users\/2"}],"replies":[{"embeddable":true,"href":"https:\/\/dsc-preussen.de\/hockey\/wp-json\/wp\/v2\/comments?post=253"}],"version-history":[{"count":14,"href":"https:\/\/dsc-preussen.de\/hockey\/wp-json\/wp\/v2\/pages\/253\/revisions"}],"predecessor-version":[{"id":3096,"href":"https:\/\/dsc-preussen.de\/hockey\/wp-json\/wp\/v2\/pages\/253\/revisions\/3096"}],"wp:attachment":[{"href":"https:\/\/dsc-preussen.de\/hockey\/wp-json\/wp\/v2\/media?parent=253"}],"curies":[{"name":"wp","href":"https:\/\/api.w.org\/{rel}","templated":true}]}}