{"id":251,"date":"2016-06-22T23:55:43","date_gmt":"2016-06-22T21:55:43","guid":{"rendered":"http:\/\/dsc-preussen.de\/hockey\/?page_id=251"},"modified":"2017-12-14T20:52:18","modified_gmt":"2017-12-14T19:52:18","slug":"foerderverein","status":"publish","type":"page","link":"https:\/\/dsc-preussen.de\/hockey\/foerderverein\/","title":{"rendered":"F\u00f6rderverein"},"content":{"rendered":"<div id=\"pl-251\"  class=\"panel-layout\" ><div id=\"pg-251-0\"  class=\"panel-grid panel-no-style\" ><div id=\"pgc-251-0-0\"  class=\"panel-grid-cell\" ><div id=\"panel-251-0-0-0\" class=\"so-panel widget widget_sow-editor panel-first-child panel-last-child\" data-index=\"0\" ><div\n\t\t\t\n\t\t\tclass=\"so-widget-sow-editor so-widget-sow-editor-base\"\n\t\t\t\n\t\t>\n<div class=\"siteorigin-widget-tinymce textwidget\">\n\t<p>Liebe Mitglieder und liebe Freunde des Hockeysports,<\/p>\n<p>seit Juni 2014 gibt es einen F\u00f6rderverein zur Unterst\u00fctzung der Hockeyabteilung unseres Vereines. Ziel des F\u00f6rdervereins ist es, die Hockeyabteilung zu f\u00f6rdern und personell sowie finanziell zu unterst\u00fctzen.<br \/> Mitglieder des F\u00f6rdervereines k\u00f6nnen nicht nur DSC-Preu\u00dfen Mitglieder werden, sondern auch angeschlossene Eltern, Interessierte oder andere Unterst\u00fctzer.<\/p>\n<p>Der F\u00f6rderverein unterst\u00fctzt die Hockeyabteilung z. B. durch:<\/p>\n<ul>\n<li>Versch\u00f6nerung der Platzanlage,<\/li>\n<li>Anschaffung neuer Ausr\u00fcstung f\u00fcr die Mannschaften<\/li>\n<li>Ankauf von Trainingszubeh\u00f6r<\/li>\n<\/ul>\n<p>(Bilder zu Projekten weiter unten.)<\/p>\n<p>Ein weiteres gro\u00dfes Ziel des F\u00f6rdervereines und der Hockeyabteilung des DSC Preu\u00dfen ist, einen neuen, zeitgem\u00e4\u00dfen Kunstrasenplatz zu errichten. Der bestehende, Anfang der 1990er Jahre errichtete Kunstrasenplatz muss dringend abgel\u00f6st werden, um den Mitgliedern wieder ein sportlich attraktives und zeitgem\u00e4\u00dfes Umfeld zu bieten.<\/p>\n<p>Um das gemeinsame Ziel zu erreichen, brauchen wir Eure Hilfe! Jeder, der uns dabei unterst\u00fctzen mag, ist herzlich eingeladen, sich als aktives oder passives Mitglied im F\u00f6rderverein zu engagieren.<\/p>\n<\/div>\n<\/div><\/div><\/div><\/div><div id=\"pg-251-1\"  class=\"panel-grid panel-no-style\" ><div id=\"pgc-251-1-0\"  class=\"panel-grid-cell\" ><div id=\"panel-251-1-0-0\" class=\"so-panel widget widget_sow-editor panel-first-child panel-last-child\" data-index=\"1\" ><div\n\t\t\t\n\t\t\tclass=\"so-widget-sow-editor so-widget-sow-editor-base\"\n\t\t\t\n\t\t>\n<div class=\"siteorigin-widget-tinymce textwidget\">\n\t<p>Ihr k\u00f6nnt den F\u00f6rderverein unterst\u00fctzen, indem Ihr:<\/p>\n<ul>\n<li><strong>Mitglied werdet,<br \/><\/strong>Beitrittserkl\u00e4rung und Satzung findet Ihr im rechten Kasten.\n<\/li>\n<li><strong>direkt spendet oder<br \/><\/strong>Die Kontonummer findet Ihr weiter unten.\n<\/li>\n<li><strong>uns \u00fcber schulengel.de unterst\u00fctzt<\/strong>:<br \/><a href=\"http:\/\/dsc-preussen.de\/hockey\/foerderverein-bei-schulengel-de\/\">http:\/\/dsc-preussen.de\/hockey\/foerderverein-bei-schulengel-de\/<br \/><\/a><a href=\"https:\/\/www.schulengel.de\/einrichtungen\/details\/10229-foerderverein-hockeysport-dsc-preussen-1901-ev\">https:\/\/www.schulengel.de\/einrichtungen\/details\/10229-foerderverein-hockeysport-dsc-preussen-1901-ev<\/a><\/li>\n<\/ul>\n<p>\u00a0<\/p>\n<\/div>\n<\/div><\/div><\/div><div id=\"pgc-251-1-1\"  class=\"panel-grid-cell\" ><div id=\"panel-251-1-1-0\" class=\"so-panel widget widget_sow-editor panel-first-child panel-last-child\" data-index=\"2\" ><div class=\"panel-widget-style panel-widget-style-for-251-1-1-0\" ><div\n\t\t\t\n\t\t\tclass=\"so-widget-sow-editor so-widget-sow-editor-base\"\n\t\t\t\n\t\t>\n<div class=\"siteorigin-widget-tinymce textwidget\">\n\t<p><strong>&gt;&gt;\u00a0<a href=\"http:\/\/dsc-preussen.de\/hockey\/wp-content\/uploads\/sites\/2\/2017\/03\/DSCP-Satzung_Foerderverein_20170309.pdf\" target=\"_blank\">Satzung des F\u00f6rdervereines (2017)<\/a><\/strong><\/p>\n<p><strong>&gt;&gt;\u00a0<a href=\"http:\/\/dsc-preussen.de\/hockey\/wp-content\/uploads\/sites\/2\/2017\/03\/DSCP-Aufnahmeantrag_Foerderverein_2017.pdf\" target=\"_blank\">Aufnahmeantrag zum F\u00f6rderverein (2017)<\/a><\/strong><\/p>\n<p><strong>&gt;&gt;\u00a0<a href=\"http:\/\/dsc-preussen.de\/hockey\/wp-content\/uploads\/sites\/2\/2016\/06\/DSCP-FV_Mitgliederbrief_14080.pdf\" target=\"_blank\">Mitgliederbrief 2014<\/a><\/strong><\/p>\n<\/div>\n<\/div><\/div><\/div><\/div><\/div><div id=\"pg-251-2\"  class=\"panel-grid panel-no-style\" ><div id=\"pgc-251-2-0\"  class=\"panel-grid-cell\" ><div id=\"panel-251-2-0-0\" class=\"so-panel widget widget_sow-editor panel-first-child panel-last-child\" data-index=\"3\" ><div\n\t\t\t\n\t\t\tclass=\"so-widget-sow-editor so-widget-sow-editor-base\"\n\t\t\t\n\t\t>\n<div class=\"siteorigin-widget-tinymce textwidget\">\n\t<p>Bei Fragen k\u00f6nnt Ihr Euch gerne an den Vorstand des F\u00f6rdervereins wenden.<\/p>\n<p>Peter Gro\u00dfkopf<br \/>peter-grosskopf@web.de<\/p>\n<p>F\u00f6rderverein Hockeysport DSC Preu\u00dfen 1901 e.V.<br \/>Bankverbindung:\u00a0<strong>Volksbank Rhein-Ruhr<\/strong><br \/>IBAN:\u00a0<strong>DE15 3506 0386 8643 5800 09<\/strong><br \/>BIC:\u00a0<strong>GENODED1VRR<\/strong><\/p>\n<\/div>\n<\/div><\/div><\/div><\/div><div id=\"pg-251-3\"  class=\"panel-grid panel-no-style\" ><div id=\"pgc-251-3-0\"  class=\"panel-grid-cell\" ><div id=\"panel-251-3-0-0\" class=\"so-panel widget widget_sow-editor panel-first-child panel-last-child\" data-index=\"4\" ><div\n\t\t\t\n\t\t\tclass=\"so-widget-sow-editor so-widget-sow-editor-base\"\n\t\t\t\n\t\t>\n<div class=\"siteorigin-widget-tinymce textwidget\">\n\t<p><strong>Projekt B\u00e4nke 2014\/2015<\/strong><\/p>\n<\/div>\n<\/div><\/div><\/div><\/div><div id=\"pg-251-4\"  class=\"panel-grid panel-no-style\" ><div id=\"pgc-251-4-0\"  class=\"panel-grid-cell\" ><div id=\"panel-251-4-0-0\" class=\"so-panel widget widget_sow-image panel-first-child panel-last-child\" data-index=\"5\" ><div\n\t\t\t\n\t\t\tclass=\"so-widget-sow-image so-widget-sow-image-default-8b5b6f678277-251\"\n\t\t\t\n\t\t>\n<div class=\"sow-image-container\">\n\t\t<img \n\tsrc=\"https:\/\/dsc-preussen.de\/hockey\/wp-content\/uploads\/sites\/2\/2016\/06\/F\u00f6Ve-B\u00e4nke-1.jpg\" width=\"800\" height=\"445\" srcset=\"https:\/\/dsc-preussen.de\/hockey\/wp-content\/uploads\/sites\/2\/2016\/06\/F\u00f6Ve-B\u00e4nke-1.jpg 800w, https:\/\/dsc-preussen.de\/hockey\/wp-content\/uploads\/sites\/2\/2016\/06\/F\u00f6Ve-B\u00e4nke-1-300x167.jpg 300w, https:\/\/dsc-preussen.de\/hockey\/wp-content\/uploads\/sites\/2\/2016\/06\/F\u00f6Ve-B\u00e4nke-1-768x427.jpg 768w\" sizes=\"(max-width: 800px) 100vw, 800px\" alt=\"\" \t\tclass=\"so-widget-image\"\/>\n\t<\/div>\n\n<\/div><\/div><\/div><div id=\"pgc-251-4-1\"  class=\"panel-grid-cell\" ><div id=\"panel-251-4-1-0\" class=\"so-panel widget widget_sow-image panel-first-child panel-last-child\" data-index=\"6\" ><div\n\t\t\t\n\t\t\tclass=\"so-widget-sow-image so-widget-sow-image-default-8b5b6f678277-251\"\n\t\t\t\n\t\t>\n<div class=\"sow-image-container\">\n\t\t<img \n\tsrc=\"https:\/\/dsc-preussen.de\/hockey\/wp-content\/uploads\/sites\/2\/2016\/06\/F\u00f6Ve-B\u00e4nke-2.jpg\" width=\"800\" height=\"445\" srcset=\"https:\/\/dsc-preussen.de\/hockey\/wp-content\/uploads\/sites\/2\/2016\/06\/F\u00f6Ve-B\u00e4nke-2.jpg 800w, https:\/\/dsc-preussen.de\/hockey\/wp-content\/uploads\/sites\/2\/2016\/06\/F\u00f6Ve-B\u00e4nke-2-300x167.jpg 300w, https:\/\/dsc-preussen.de\/hockey\/wp-content\/uploads\/sites\/2\/2016\/06\/F\u00f6Ve-B\u00e4nke-2-768x427.jpg 768w\" sizes=\"(max-width: 800px) 100vw, 800px\" alt=\"\" \t\tclass=\"so-widget-image\"\/>\n\t<\/div>\n\n<\/div><\/div><\/div><div id=\"pgc-251-4-2\"  class=\"panel-grid-cell\" ><div id=\"panel-251-4-2-0\" class=\"so-panel widget widget_sow-image panel-first-child panel-last-child\" data-index=\"7\" ><div\n\t\t\t\n\t\t\tclass=\"so-widget-sow-image so-widget-sow-image-default-8b5b6f678277-251\"\n\t\t\t\n\t\t>\n<div class=\"sow-image-container\">\n\t\t<img \n\tsrc=\"https:\/\/dsc-preussen.de\/hockey\/wp-content\/uploads\/sites\/2\/2016\/06\/F\u00f6Ve-B\u00e4nke-3.jpg\" width=\"800\" height=\"445\" srcset=\"https:\/\/dsc-preussen.de\/hockey\/wp-content\/uploads\/sites\/2\/2016\/06\/F\u00f6Ve-B\u00e4nke-3.jpg 800w, https:\/\/dsc-preussen.de\/hockey\/wp-content\/uploads\/sites\/2\/2016\/06\/F\u00f6Ve-B\u00e4nke-3-300x167.jpg 300w, https:\/\/dsc-preussen.de\/hockey\/wp-content\/uploads\/sites\/2\/2016\/06\/F\u00f6Ve-B\u00e4nke-3-768x427.jpg 768w\" sizes=\"(max-width: 800px) 100vw, 800px\" alt=\"\" \t\tclass=\"so-widget-image\"\/>\n\t<\/div>\n\n<\/div><\/div><\/div><\/div><div id=\"pg-251-5\"  class=\"panel-grid panel-no-style\" ><div id=\"pgc-251-5-0\"  class=\"panel-grid-cell\" ><div id=\"panel-251-5-0-0\" class=\"so-panel widget widget_sow-editor panel-first-child panel-last-child\" data-index=\"8\" ><div\n\t\t\t\n\t\t\tclass=\"so-widget-sow-editor so-widget-sow-editor-base\"\n\t\t\t\n\t\t>\n<div class=\"siteorigin-widget-tinymce textwidget\">\n\t<p><strong>Projekt\u00a0Pflasterung 2016<\/strong><\/p>\n<\/div>\n<\/div><\/div><\/div><\/div><div id=\"pg-251-6\"  class=\"panel-grid panel-no-style\" ><div id=\"pgc-251-6-0\"  class=\"panel-grid-cell\" ><div id=\"panel-251-6-0-0\" class=\"so-panel widget widget_sow-image panel-first-child panel-last-child\" data-index=\"9\" ><div\n\t\t\t\n\t\t\tclass=\"so-widget-sow-image so-widget-sow-image-default-8b5b6f678277-251\"\n\t\t\t\n\t\t>\n<div class=\"sow-image-container\">\n\t\t<img \n\tsrc=\"https:\/\/dsc-preussen.de\/hockey\/wp-content\/uploads\/sites\/2\/2016\/06\/F\u00f6Ve-Pflasterung-1.jpg\" width=\"800\" height=\"445\" srcset=\"https:\/\/dsc-preussen.de\/hockey\/wp-content\/uploads\/sites\/2\/2016\/06\/F\u00f6Ve-Pflasterung-1.jpg 800w, https:\/\/dsc-preussen.de\/hockey\/wp-content\/uploads\/sites\/2\/2016\/06\/F\u00f6Ve-Pflasterung-1-300x167.jpg 300w, https:\/\/dsc-preussen.de\/hockey\/wp-content\/uploads\/sites\/2\/2016\/06\/F\u00f6Ve-Pflasterung-1-768x427.jpg 768w\" sizes=\"(max-width: 800px) 100vw, 800px\" alt=\"\" \t\tclass=\"so-widget-image\"\/>\n\t<\/div>\n\n<\/div><\/div><\/div><div id=\"pgc-251-6-1\"  class=\"panel-grid-cell\" ><div id=\"panel-251-6-1-0\" class=\"so-panel widget widget_sow-image panel-first-child panel-last-child\" data-index=\"10\" ><div\n\t\t\t\n\t\t\tclass=\"so-widget-sow-image so-widget-sow-image-default-8b5b6f678277-251\"\n\t\t\t\n\t\t>\n<div class=\"sow-image-container\">\n\t\t<img \n\tsrc=\"https:\/\/dsc-preussen.de\/hockey\/wp-content\/uploads\/sites\/2\/2016\/06\/F\u00f6Ve-Pflasterung-2.jpg\" width=\"800\" height=\"445\" srcset=\"https:\/\/dsc-preussen.de\/hockey\/wp-content\/uploads\/sites\/2\/2016\/06\/F\u00f6Ve-Pflasterung-2.jpg 800w, https:\/\/dsc-preussen.de\/hockey\/wp-content\/uploads\/sites\/2\/2016\/06\/F\u00f6Ve-Pflasterung-2-300x167.jpg 300w, https:\/\/dsc-preussen.de\/hockey\/wp-content\/uploads\/sites\/2\/2016\/06\/F\u00f6Ve-Pflasterung-2-768x427.jpg 768w\" sizes=\"(max-width: 800px) 100vw, 800px\" alt=\"\" \t\tclass=\"so-widget-image\"\/>\n\t<\/div>\n\n<\/div><\/div><\/div><\/div><div id=\"pg-251-7\"  class=\"panel-grid panel-no-style\" ><div id=\"pgc-251-7-0\"  class=\"panel-grid-cell\" ><div id=\"panel-251-7-0-0\" class=\"so-panel widget widget_sow-image panel-first-child panel-last-child\" data-index=\"11\" ><div\n\t\t\t\n\t\t\tclass=\"so-widget-sow-image so-widget-sow-image-default-8b5b6f678277-251\"\n\t\t\t\n\t\t>\n<div class=\"sow-image-container\">\n\t\t<img \n\tsrc=\"https:\/\/dsc-preussen.de\/hockey\/wp-content\/uploads\/sites\/2\/2016\/06\/F\u00f6Ve-Pflasterung-3.jpg\" width=\"800\" height=\"445\" srcset=\"https:\/\/dsc-preussen.de\/hockey\/wp-content\/uploads\/sites\/2\/2016\/06\/F\u00f6Ve-Pflasterung-3.jpg 800w, https:\/\/dsc-preussen.de\/hockey\/wp-content\/uploads\/sites\/2\/2016\/06\/F\u00f6Ve-Pflasterung-3-300x167.jpg 300w, https:\/\/dsc-preussen.de\/hockey\/wp-content\/uploads\/sites\/2\/2016\/06\/F\u00f6Ve-Pflasterung-3-768x427.jpg 768w\" sizes=\"(max-width: 800px) 100vw, 800px\" alt=\"\" \t\tclass=\"so-widget-image\"\/>\n\t<\/div>\n\n<\/div><\/div><\/div><div id=\"pgc-251-7-1\"  class=\"panel-grid-cell\" ><div id=\"panel-251-7-1-0\" class=\"so-panel widget widget_sow-image panel-first-child panel-last-child\" data-index=\"12\" ><div\n\t\t\t\n\t\t\tclass=\"so-widget-sow-image so-widget-sow-image-default-8b5b6f678277-251\"\n\t\t\t\n\t\t>\n<div class=\"sow-image-container\">\n\t\t<img \n\tsrc=\"https:\/\/dsc-preussen.de\/hockey\/wp-content\/uploads\/sites\/2\/2016\/06\/F\u00f6Ve-Pflasterung-4.jpg\" width=\"800\" height=\"457\" srcset=\"https:\/\/dsc-preussen.de\/hockey\/wp-content\/uploads\/sites\/2\/2016\/06\/F\u00f6Ve-Pflasterung-4.jpg 800w, https:\/\/dsc-preussen.de\/hockey\/wp-content\/uploads\/sites\/2\/2016\/06\/F\u00f6Ve-Pflasterung-4-300x171.jpg 300w, https:\/\/dsc-preussen.de\/hockey\/wp-content\/uploads\/sites\/2\/2016\/06\/F\u00f6Ve-Pflasterung-4-768x439.jpg 768w\" sizes=\"(max-width: 800px) 100vw, 800px\" alt=\"\" \t\tclass=\"so-widget-image\"\/>\n\t<\/div>\n\n<\/div><\/div><\/div><\/div><\/div>","protected":false},"excerpt":{"rendered":"<p>Liebe Mitglieder und liebe Freunde des Hockeysports,seit Juni 2014 gibt es einen F\u00f6rderverein zur Unterst\u00fctzung der Hockeyabteilung unseres Vereines. Ziel<\/p>\n","protected":false},"author":2,"featured_media":0,"parent":0,"menu_order":0,"comment_status":"closed","ping_status":"closed","template":"","meta":{"colormag_page_container_layout":"default_layout","colormag_page_sidebar_layout":"default_layout","_price":"","_stock":"","_tribe_ticket_header":"","_tribe_default_ticket_provider":"","_tribe_ticket_capacity":"0","_ticket_start_date":"","_ticket_end_date":"","_tribe_ticket_show_description":"","_tribe_ticket_show_not_going":false,"_tribe_ticket_use_global_stock":"","_tribe_ticket_global_stock_level":"","_global_stock_mode":"","_global_stock_cap":"","_tribe_rsvp_for_event":"","_tribe_ticket_going_count":"","_tribe_ticket_not_going_count":"","_tribe_tickets_list":"[]","_tribe_ticket_has_attendee_info_fields":false,"footnotes":"","_tec_slr_enabled":"","_tec_slr_layout":"","_links_to":"","_links_to_target":""},"class_list":["post-251","page","type-page","status-publish","hentry"],"ticketed":false,"_links":{"self":[{"href":"https:\/\/dsc-preussen.de\/hockey\/wp-json\/wp\/v2\/pages\/251","targetHints":{"allow":["GET"]}}],"collection":[{"href":"https:\/\/dsc-preussen.de\/hockey\/wp-json\/wp\/v2\/pages"}],"about":[{"href":"https:\/\/dsc-preussen.de\/hockey\/wp-json\/wp\/v2\/types\/page"}],"author":[{"embeddable":true,"href":"https:\/\/dsc-preussen.de\/hockey\/wp-json\/wp\/v2\/users\/2"}],"replies":[{"embeddable":true,"href":"https:\/\/dsc-preussen.de\/hockey\/wp-json\/wp\/v2\/comments?post=251"}],"version-history":[{"count":27,"href":"https:\/\/dsc-preussen.de\/hockey\/wp-json\/wp\/v2\/pages\/251\/revisions"}],"predecessor-version":[{"id":2215,"href":"https:\/\/dsc-preussen.de\/hockey\/wp-json\/wp\/v2\/pages\/251\/revisions\/2215"}],"wp:attachment":[{"href":"https:\/\/dsc-preussen.de\/hockey\/wp-json\/wp\/v2\/media?parent=251"}],"curies":[{"name":"wp","href":"https:\/\/api.w.org\/{rel}","templated":true}]}}