{"id":68,"date":"2017-02-24T20:38:01","date_gmt":"2017-02-24T19:38:01","guid":{"rendered":"http:\/\/dsc-preussen.de\/fv-hockey\/?page_id=68"},"modified":"2023-04-11T19:32:52","modified_gmt":"2023-04-11T17:32:52","slug":"projekte-2023","status":"publish","type":"page","link":"https:\/\/dsc-preussen.de\/fv-hockey\/projekte-2023\/","title":{"rendered":"Projekte 2023"},"content":{"rendered":"<p>Im Jahr 2023 hat der F\u00f6rderverein die Hockeyabteilung des DSC Preu\u00dfen wieder bei einigen Projekten unterst\u00fctzt.<\/p>\n<blockquote><p>13. Preu\u00dfentag<\/p><\/blockquote>\n<p>Wie in den vergangenen Jahren wurde der Preu\u00dfen-Tag wieder bei der Ausrichtung und der Versorgung mit Speisen und Getr\u00e4nken unterst\u00fctzt.<\/p>\n<blockquote><p>Torwartausstattung<\/p><\/blockquote>\n<p>In den zur\u00fcckliegenden Monaten hat der F\u00f6rderverein mehrere Torwarte mit neuen R\u00fcstungen und Schonern ausgestattet.<\/p>\n<blockquote><p>Neue B\u00e4nke und Tische<\/p><\/blockquote>\n<p><img loading=\"lazy\" decoding=\"async\" class=\"aligncenter size-large wp-image-134\" src=\"http:\/\/dsc-preussen.de\/fv-hockey\/wp-content\/uploads\/sites\/5\/2023\/04\/20230411-Baenke-Foerderverein-1024x768.jpg\" alt=\"\" width=\"800\" height=\"600\" srcset=\"https:\/\/dsc-preussen.de\/fv-hockey\/wp-content\/uploads\/sites\/5\/2023\/04\/20230411-Baenke-Foerderverein-1024x768.jpg 1024w, https:\/\/dsc-preussen.de\/fv-hockey\/wp-content\/uploads\/sites\/5\/2023\/04\/20230411-Baenke-Foerderverein-300x225.jpg 300w, https:\/\/dsc-preussen.de\/fv-hockey\/wp-content\/uploads\/sites\/5\/2023\/04\/20230411-Baenke-Foerderverein-768x576.jpg 768w, https:\/\/dsc-preussen.de\/fv-hockey\/wp-content\/uploads\/sites\/5\/2023\/04\/20230411-Baenke-Foerderverein-1536x1152.jpg 1536w, https:\/\/dsc-preussen.de\/fv-hockey\/wp-content\/uploads\/sites\/5\/2023\/04\/20230411-Baenke-Foerderverein.jpg 2000w\" sizes=\"auto, (max-width: 800px) 100vw, 800px\" \/><\/p>\n<p>&nbsp;<\/p>\n","protected":false},"excerpt":{"rendered":"<p>Im Jahr 2023 hat der F\u00f6rderverein die Hockeyabteilung des DSC Preu\u00dfen wieder bei einigen Projekten unterst\u00fctzt. 13. Preu\u00dfentag Wie in<\/p>\n","protected":false},"author":2,"featured_media":0,"parent":0,"menu_order":0,"comment_status":"closed","ping_status":"closed","template":"","meta":{"colormag_page_container_layout":"default_layout","colormag_page_sidebar_layout":"default_layout","footnotes":"","_links_to":"","_links_to_target":""},"class_list":["post-68","page","type-page","status-publish","hentry"],"_links":{"self":[{"href":"https:\/\/dsc-preussen.de\/fv-hockey\/wp-json\/wp\/v2\/pages\/68","targetHints":{"allow":["GET"]}}],"collection":[{"href":"https:\/\/dsc-preussen.de\/fv-hockey\/wp-json\/wp\/v2\/pages"}],"about":[{"href":"https:\/\/dsc-preussen.de\/fv-hockey\/wp-json\/wp\/v2\/types\/page"}],"author":[{"embeddable":true,"href":"https:\/\/dsc-preussen.de\/fv-hockey\/wp-json\/wp\/v2\/users\/2"}],"replies":[{"embeddable":true,"href":"https:\/\/dsc-preussen.de\/fv-hockey\/wp-json\/wp\/v2\/comments?post=68"}],"version-history":[{"count":4,"href":"https:\/\/dsc-preussen.de\/fv-hockey\/wp-json\/wp\/v2\/pages\/68\/revisions"}],"predecessor-version":[{"id":133,"href":"https:\/\/dsc-preussen.de\/fv-hockey\/wp-json\/wp\/v2\/pages\/68\/revisions\/133"}],"wp:attachment":[{"href":"https:\/\/dsc-preussen.de\/fv-hockey\/wp-json\/wp\/v2\/media?parent=68"}],"curies":[{"name":"wp","href":"https:\/\/api.w.org\/{rel}","templated":true}]}}