{"id":35,"date":"2017-02-24T17:00:58","date_gmt":"2017-02-24T16:00:58","guid":{"rendered":"http:\/\/dsc-preussen.de\/fv-hockey\/?page_id=35"},"modified":"2019-02-19T23:11:00","modified_gmt":"2019-02-19T22:11:00","slug":"mitglied-werden","status":"publish","type":"page","link":"https:\/\/dsc-preussen.de\/fv-hockey\/mitglied-werden\/","title":{"rendered":"Mitglied werden!"},"content":{"rendered":"<p>Gerne nehmen wir Sie als neues Mitglied in unserem Verein auf.<\/p>\n<p>Hier finden Sie den\u00a0n\u00f6tigen Aufnahmeantr\u00e4ge.<\/p>\n<p><strong>F\u00f6rderverein Hockeysport<\/strong><\/p>\n<ul>\n<li><a href=\"http:\/\/dsc-preussen.de\/fv-hockey\/wp-content\/uploads\/sites\/5\/2019\/02\/DSCP-Aufnahmeantrag_Foerderverein_2019.pdf\">Aufnahmeantrag F\u00f6rderverein (2019)<\/a><\/li>\n<\/ul>\n<p><strong>Hockey<\/strong><\/p>\n<ul>\n<li><a href=\"http:\/\/dsc-preussen.de\/hockey\/mitglied-werden\/\">Informationen zur Mitgliedschaft<\/a><\/li>\n<li><a href=\"https:\/\/dsc-preussen.de\/hockey\/mitglied-werden\/\" target=\"_blank\" rel=\"noopener\">Aufnahmeantrag Hockey<\/a><\/li>\n<\/ul>\n<p>Die Satzung des F\u00f6rdervereines Hockeysport DSC Preu\u00dfen:\u00a0<a href=\"http:\/\/dsc-preussen.de\/fv-hockey\/unsere-satzung\/\" target=\"_blank\" rel=\"noopener\">Unsere Satzung<\/a><\/p>\n","protected":false},"excerpt":{"rendered":"<p>Gerne nehmen wir Sie als neues Mitglied in unserem Verein auf. Hier finden Sie den\u00a0n\u00f6tigen Aufnahmeantr\u00e4ge. F\u00f6rderverein Hockeysport Aufnahmeantrag F\u00f6rderverein<\/p>\n","protected":false},"author":2,"featured_media":0,"parent":0,"menu_order":0,"comment_status":"closed","ping_status":"closed","template":"","meta":{"colormag_page_container_layout":"default_layout","colormag_page_sidebar_layout":"default_layout","footnotes":"","_links_to":"","_links_to_target":""},"class_list":["post-35","page","type-page","status-publish","hentry"],"_links":{"self":[{"href":"https:\/\/dsc-preussen.de\/fv-hockey\/wp-json\/wp\/v2\/pages\/35","targetHints":{"allow":["GET"]}}],"collection":[{"href":"https:\/\/dsc-preussen.de\/fv-hockey\/wp-json\/wp\/v2\/pages"}],"about":[{"href":"https:\/\/dsc-preussen.de\/fv-hockey\/wp-json\/wp\/v2\/types\/page"}],"author":[{"embeddable":true,"href":"https:\/\/dsc-preussen.de\/fv-hockey\/wp-json\/wp\/v2\/users\/2"}],"replies":[{"embeddable":true,"href":"https:\/\/dsc-preussen.de\/fv-hockey\/wp-json\/wp\/v2\/comments?post=35"}],"version-history":[{"count":4,"href":"https:\/\/dsc-preussen.de\/fv-hockey\/wp-json\/wp\/v2\/pages\/35\/revisions"}],"predecessor-version":[{"id":126,"href":"https:\/\/dsc-preussen.de\/fv-hockey\/wp-json\/wp\/v2\/pages\/35\/revisions\/126"}],"wp:attachment":[{"href":"https:\/\/dsc-preussen.de\/fv-hockey\/wp-json\/wp\/v2\/media?parent=35"}],"curies":[{"name":"wp","href":"https:\/\/api.w.org\/{rel}","templated":true}]}}