{"id":30,"date":"2017-02-24T16:54:25","date_gmt":"2017-02-24T15:54:25","guid":{"rendered":"http:\/\/dsc-preussen.de\/fv-hockey\/?page_id=30"},"modified":"2017-03-13T22:55:36","modified_gmt":"2017-03-13T21:55:36","slug":"unsere-satzung","status":"publish","type":"page","link":"https:\/\/dsc-preussen.de\/fv-hockey\/unsere-satzung\/","title":{"rendered":"Unsere Satzung"},"content":{"rendered":"<p>Die Satzung des &#8222;F\u00f6rderverein Hockeysport DSC Preu\u00dfen 1901 e. V.&#8220; finden Sie unter folgendem Link:<\/p>\n<p><a href=\"http:\/\/dsc-preussen.de\/fv-hockey\/wp-content\/uploads\/sites\/5\/2017\/03\/DSCP-Satzung_Foerderverein_20170309.pdf\">Satzung des F\u00f6rdervereines vom 09.03.2017<\/a><\/p>\n<p>&nbsp;<\/p>\n","protected":false},"excerpt":{"rendered":"<p>Die Satzung des &#8222;F\u00f6rderverein Hockeysport DSC Preu\u00dfen 1901 e. V.&#8220; finden Sie unter folgendem Link: Satzung des F\u00f6rdervereines vom 09.03.2017<\/p>\n","protected":false},"author":2,"featured_media":0,"parent":0,"menu_order":0,"comment_status":"closed","ping_status":"closed","template":"","meta":{"colormag_page_container_layout":"default_layout","colormag_page_sidebar_layout":"default_layout","footnotes":"","_links_to":"","_links_to_target":""},"class_list":["post-30","page","type-page","status-publish","hentry"],"_links":{"self":[{"href":"https:\/\/dsc-preussen.de\/fv-hockey\/wp-json\/wp\/v2\/pages\/30","targetHints":{"allow":["GET"]}}],"collection":[{"href":"https:\/\/dsc-preussen.de\/fv-hockey\/wp-json\/wp\/v2\/pages"}],"about":[{"href":"https:\/\/dsc-preussen.de\/fv-hockey\/wp-json\/wp\/v2\/types\/page"}],"author":[{"embeddable":true,"href":"https:\/\/dsc-preussen.de\/fv-hockey\/wp-json\/wp\/v2\/users\/2"}],"replies":[{"embeddable":true,"href":"https:\/\/dsc-preussen.de\/fv-hockey\/wp-json\/wp\/v2\/comments?post=30"}],"version-history":[{"count":3,"href":"https:\/\/dsc-preussen.de\/fv-hockey\/wp-json\/wp\/v2\/pages\/30\/revisions"}],"predecessor-version":[{"id":110,"href":"https:\/\/dsc-preussen.de\/fv-hockey\/wp-json\/wp\/v2\/pages\/30\/revisions\/110"}],"wp:attachment":[{"href":"https:\/\/dsc-preussen.de\/fv-hockey\/wp-json\/wp\/v2\/media?parent=30"}],"curies":[{"name":"wp","href":"https:\/\/api.w.org\/{rel}","templated":true}]}}