{"id":11,"date":"2017-02-24T15:48:51","date_gmt":"2017-02-24T14:48:51","guid":{"rendered":"http:\/\/dsc-preussen.de\/fv-hockey\/?page_id=11"},"modified":"2023-04-11T19:27:51","modified_gmt":"2023-04-11T17:27:51","slug":"der-foerderverein","status":"publish","type":"page","link":"https:\/\/dsc-preussen.de\/fv-hockey\/","title":{"rendered":"Der F\u00f6rderverein"},"content":{"rendered":"<p>Liebe Mitglieder und liebe Freunde des Hockeysports,<\/p>\n<p>seit Juni 2014 gibt es einen F\u00f6rderverein zur Unterst\u00fctzung der Hockeyabteilung unseres Vereines. Ziel des F\u00f6rdervereins ist es, die Hockeyabteilung zu f\u00f6rdern und personell sowie finanziell zu unterst\u00fctzen.<br \/>\nMitglieder des F\u00f6rdervereines k\u00f6nnen nicht nur DSC-Preu\u00dfen Mitglieder werden, sondern auch angeschlossene Eltern, Interessierte oder andere Unterst\u00fctzer.<\/p>\n<p>Der F\u00f6rderverein unterst\u00fctzt die Hockeyabteilung z. B. durch:<\/p>\n<ul>\n<li>Versch\u00f6nerung der Platzanlage,<\/li>\n<li>Anschaffung neuer Ausr\u00fcstung f\u00fcr die Mannschaften, z. B. R\u00fcstungen f\u00fcr die Torwarte,<\/li>\n<li>Ankauf von Trainingszubeh\u00f6r<\/li>\n<\/ul>\n<p>Aber nicht nur das. Auch beim Sommerfest oder dem legend\u00e4ren Preu\u00dfen-Tag ist der F\u00f6rderverein immer dabei und sorgt f\u00fcr Speisen und Getr\u00e4nke.<\/p>\n<p>Um das gemeinsame Ziel zu erreichen, brauchen wir Eure Hilfe! Jeder, der uns dabei unterst\u00fctzen mag, ist herzlich eingeladen, sich als aktives oder passives Mitglied im F\u00f6rderverein zu engagieren.<\/p>\n<p>Ihr k\u00f6nnt den F\u00f6rderverein unterst\u00fctzen, indem Ihr:<\/p>\n<p><a href=\"http:\/\/dsc-preussen.de\/fv-hockey\/mitglied-werden\/\"><strong>Mitglied werdet<\/strong><\/a><\/p>\n<p>oder<\/p>\n<p><strong><a href=\"http:\/\/dsc-preussen.de\/fv-hockey\/spenden\/\">spendet<\/a>.<\/strong><\/p>\n<p>Bei Fragen k\u00f6nnt Ihr Euch gerne an den Vorstand des F\u00f6rdervereins wenden.<\/p>\n<p>Peter Gro\u00dfkopf<\/p>\n","protected":false},"excerpt":{"rendered":"<p>Liebe Mitglieder und liebe Freunde des Hockeysports, seit Juni 2014 gibt es einen F\u00f6rderverein zur Unterst\u00fctzung der Hockeyabteilung unseres Vereines.<\/p>\n","protected":false},"author":2,"featured_media":0,"parent":0,"menu_order":0,"comment_status":"closed","ping_status":"closed","template":"","meta":{"colormag_page_container_layout":"default_layout","colormag_page_sidebar_layout":"default_layout","footnotes":"","_links_to":"","_links_to_target":""},"class_list":["post-11","page","type-page","status-publish","hentry"],"_links":{"self":[{"href":"https:\/\/dsc-preussen.de\/fv-hockey\/wp-json\/wp\/v2\/pages\/11","targetHints":{"allow":["GET"]}}],"collection":[{"href":"https:\/\/dsc-preussen.de\/fv-hockey\/wp-json\/wp\/v2\/pages"}],"about":[{"href":"https:\/\/dsc-preussen.de\/fv-hockey\/wp-json\/wp\/v2\/types\/page"}],"author":[{"embeddable":true,"href":"https:\/\/dsc-preussen.de\/fv-hockey\/wp-json\/wp\/v2\/users\/2"}],"replies":[{"embeddable":true,"href":"https:\/\/dsc-preussen.de\/fv-hockey\/wp-json\/wp\/v2\/comments?post=11"}],"version-history":[{"count":8,"href":"https:\/\/dsc-preussen.de\/fv-hockey\/wp-json\/wp\/v2\/pages\/11\/revisions"}],"predecessor-version":[{"id":132,"href":"https:\/\/dsc-preussen.de\/fv-hockey\/wp-json\/wp\/v2\/pages\/11\/revisions\/132"}],"wp:attachment":[{"href":"https:\/\/dsc-preussen.de\/fv-hockey\/wp-json\/wp\/v2\/media?parent=11"}],"curies":[{"name":"wp","href":"https:\/\/api.w.org\/{rel}","templated":true}]}}