{"id":229,"date":"2016-06-25T13:00:10","date_gmt":"2016-06-25T11:00:10","guid":{"rendered":"http:\/\/dsc-preussen.de\/fussball\/?page_id=229"},"modified":"2023-05-26T21:53:45","modified_gmt":"2023-05-26T19:53:45","slug":"mitglied-werden","status":"publish","type":"page","link":"https:\/\/dsc-preussen.de\/fussball\/mitglied-werden\/","title":{"rendered":"Mitglied werden!"},"content":{"rendered":"<p>Gerne nehmen wir Sie\/Dich in die Fu\u00dfballabteilung des DSC Preu\u00dfen auf. Die Formulare k\u00f6nnen ganz bequem im Browser oder im PDF-Reader ausgef\u00fcllt und ausgedruckt werden.<\/p>\n<ul>\n<li><a href=\"http:\/\/dsc-preussen.de\/fussball\/wp-content\/uploads\/sites\/4\/2023\/05\/Aufnahmeantrag_Fussballjugend_mit_Passantrag_und_Hinweisen-ab-2023_2024.pdf\" target=\"_blank\" rel=\"noopener noreferrer\">Aufnahmeantrag Fu\u00dfballjugend<\/a><\/li>\n<li><a href=\"http:\/\/dsc-preussen.de\/fussball\/wp-content\/uploads\/sites\/4\/2020\/09\/Aufnahmeantrag_Senioren_mit_Formularfelder_2019-4.pdf\" target=\"_blank\" rel=\"noopener noreferrer\">Aufnahmeantrag Senioren<\/a><\/li>\n<li><a href=\"http:\/\/dsc-preussen.de\/fussball\/wp-content\/uploads\/sites\/4\/2020\/10\/Beitragsordnung-Fussball-20180701.pdf\">Beitragsordnung<\/a><\/li>\n<li><a href=\"http:\/\/dsc-preussen.de\/fussball\/wp-content\/uploads\/sites\/4\/2020\/09\/Erteilung_einer_Spielberechtigung_blank.pdf\">Erteilung einer Spielberechtigung<\/a><\/li>\n<li><a href=\"http:\/\/dsc-preussen.de\/fussball\/wp-content\/uploads\/sites\/4\/2020\/09\/Anlage_5_Teilhabe_Vorlage_DSC_Preussen_2020.pdf\">Antrag auf soziale und kulturelle Teilhabe<\/a><\/li>\n<\/ul>\n","protected":false},"excerpt":{"rendered":"<p>Gerne nehmen wir Sie\/Dich in die Fu\u00dfballabteilung des DSC Preu\u00dfen auf. Die Formulare k\u00f6nnen ganz bequem im Browser oder im<\/p>\n","protected":false},"author":2,"featured_media":0,"parent":0,"menu_order":0,"comment_status":"closed","ping_status":"closed","template":"","meta":{"colormag_page_container_layout":"default_layout","colormag_page_sidebar_layout":"default_layout","footnotes":"","_links_to":"","_links_to_target":""},"class_list":["post-229","page","type-page","status-publish","hentry"],"_links":{"self":[{"href":"https:\/\/dsc-preussen.de\/fussball\/wp-json\/wp\/v2\/pages\/229","targetHints":{"allow":["GET"]}}],"collection":[{"href":"https:\/\/dsc-preussen.de\/fussball\/wp-json\/wp\/v2\/pages"}],"about":[{"href":"https:\/\/dsc-preussen.de\/fussball\/wp-json\/wp\/v2\/types\/page"}],"author":[{"embeddable":true,"href":"https:\/\/dsc-preussen.de\/fussball\/wp-json\/wp\/v2\/users\/2"}],"replies":[{"embeddable":true,"href":"https:\/\/dsc-preussen.de\/fussball\/wp-json\/wp\/v2\/comments?post=229"}],"version-history":[{"count":17,"href":"https:\/\/dsc-preussen.de\/fussball\/wp-json\/wp\/v2\/pages\/229\/revisions"}],"predecessor-version":[{"id":2868,"href":"https:\/\/dsc-preussen.de\/fussball\/wp-json\/wp\/v2\/pages\/229\/revisions\/2868"}],"wp:attachment":[{"href":"https:\/\/dsc-preussen.de\/fussball\/wp-json\/wp\/v2\/media?parent=229"}],"curies":[{"name":"wp","href":"https:\/\/api.w.org\/{rel}","templated":true}]}}